{"id":5504,"date":"2025-07-05T15:55:49","date_gmt":"2025-07-05T15:55:49","guid":{"rendered":"https:\/\/fotoprovn.com\/?post_type=product&#038;p=5504"},"modified":"2025-07-12T10:42:02","modified_gmt":"2025-07-12T10:42:02","slug":"bong-thoi-bui-ve-sinh-may-anh-ong-kinh-ban-phim-linh-kien-dien-tu","status":"publish","type":"product","link":"https:\/\/fotoprovn.com\/index.php\/product\/bong-thoi-bui-ve-sinh-may-anh-ong-kinh-ban-phim-linh-kien-dien-tu\/","title":{"rendered":"B\u00f3ng th\u1ed5i b\u1ee5i v\u1ec7 sinh m\u00e1y \u1ea3nh, \u1ed1ng k\u00ednh, b\u00e0n ph\u00edm, linh ki\u1ec7n \u0111i\u1ec7n t\u1eed"},"content":{"rendered":"<p><span style=\"vertical-align: inherit;\"><span style=\"vertical-align: inherit;\">S\u1ea3n ph\u1ea9m b\u00f3ng b\u1ee5i d\u00f9ng \u0111\u1ec3 b\u1ea3o v\u1ec7 m\u00e1y \u1ea3nh v\u00e0 m\u1ed9t s\u1ed1 \u0111i\u1ec7n t\u1eed<\/span><\/span><\/p>\n<p><span style=\"vertical-align: inherit;\"><span style=\"vertical-align: inherit;\">&#8211; B\u00f3ng b\u1ee5i khi t\u1ea1o h\u01a1i n\u01b0\u1edbc gi\u00fap l\u00e0m s\u1ea1ch c\u00e1c h\u1ea1t b\u1ee5i t\u00edch t\u1ee5 trong m\u00e1y \u1ea3nh, \u1ed1ng k\u00ednh, ngo\u00e0i ra b\u1ea1n c\u00f3 th\u1ec3 s\u1eed d\u1ee5ng b\u00f3ng b\u1ee5i b\u1ee5i cho b\u00e0n ph\u00edm, m\u00e0n h\u00ecnh, m\u00e1y t\u00ednh x\u00e1ch tay&#8230;.<\/span><\/span><\/p>\n<p><span style=\"vertical-align: inherit;\"><span style=\"vertical-align: inherit;\">&#8211; Thi\u1ebft k\u1ebf nh\u1ecf g\u1ecdn, \u0111\u01b0\u1ee3c l\u00e0m b\u1eb1ng cao su n\u00ean c\u00f3 \u0111\u00e0n h\u1ed3i nh\u1eb9 nh\u00e0ng<\/span><\/span><\/p>\n<p><span style=\"vertical-align: inherit;\"><span style=\"vertical-align: inherit;\">L\u01b0u \u00fd : S\u1ea3n ph\u1ea9m tr\u01b0\u1ee3t d\u1ed1c c\u1ea7n th\u1ed5i b\u1ee5i, sau \u0111\u00f3 d\u00f9ng s\u1ee9c l\u1ef1c \u0111\u1ec3 h\u1ea1t b\u1ee5i c\u00f3 th\u1ec3 r\u01a1i tr\u1ef1c ti\u1ebfp xu\u1ed1ng \u0111\u1ea5t m\u1ed9t c\u00e1ch nhanh ch\u00f3ng s\u1ea1ch s\u1ebd<\/span><\/span><\/p>\n","protected":false},"excerpt":{"rendered":"<p>&#8211; B\u00f3ng th\u1ed5i b\u1ee5i khi b\u00f3p t\u1ea1o h\u01a1i gi\u00fap th\u1ed5i s\u1ea1ch nh\u1eefng h\u1ea1t b\u1ee5i b\u00e1m trong m\u00e1y \u1ea3nh, \u1ed1ng k\u00ednh, ngo\u00e0i ra b\u1ea1n c\u00f3 th\u1ec3 s\u1eed d\u1ee5ng b\u00f3ng th\u1ed5i b\u1ee5i \u0111\u1ed1i v\u1edbi b\u00e0n ph\u00edm,m\u00e0n h\u00ecnh, laptop&#8230;.<\/p>\n","protected":false},"featured_media":5510,"comment_status":"open","ping_status":"closed","template":"","meta":[],"product_brand":[88],"product_cat":[86,87],"product_tag":[89,90],"class_list":{"0":"post-5504","1":"product","2":"type-product","3":"status-publish","4":"has-post-thumbnail","6":"product_brand-morrison","7":"product_cat-phu-kien-may-anh","8":"product_cat-phu-kien-ve-sinh-may-anh","9":"product_tag-bong-thoi-bui","10":"product_tag-bong-thoi-bui-ve-sinh-may-anh","13":"instock","14":"sale","15":"shipping-taxable","16":"purchasable","17":"product-type-variable"},"yoast_head":"<!-- This site is optimized with the Yoast SEO plugin v25.4 - https:\/\/yoast.com\/wordpress\/plugins\/seo\/ -->\n<title>B\u00f3ng th\u1ed5i b\u1ee5i v\u1ec7 sinh m\u00e1y \u1ea3nh, \u1ed1ng k\u00ednh, b\u00e0n ph\u00edm, linh ki\u1ec7n \u0111i\u1ec7n t\u1eed - C\u1eeda h\u00e0ng ph\u1ee5 ki\u1ec7n m\u00e1y \u1ea3nh Fotoprovn<\/title>\n<meta name=\"robots\" content=\"index, follow, max-snippet:-1, max-image-preview:large, max-video-preview:-1\" \/>\n<link rel=\"canonical\" href=\"https:\/\/fotoprovn.com\/index.php\/product\/bong-thoi-bui-ve-sinh-may-anh-ong-kinh-ban-phim-linh-kien-dien-tu\/\" \/>\n<meta property=\"og:locale\" content=\"en_US\" \/>\n<meta property=\"og:type\" content=\"article\" \/>\n<meta property=\"og:title\" content=\"B\u00f3ng th\u1ed5i b\u1ee5i v\u1ec7 sinh m\u00e1y \u1ea3nh, \u1ed1ng k\u00ednh, b\u00e0n ph\u00edm, linh ki\u1ec7n \u0111i\u1ec7n t\u1eed - C\u1eeda h\u00e0ng ph\u1ee5 ki\u1ec7n m\u00e1y \u1ea3nh Fotoprovn\" \/>\n<meta property=\"og:description\" content=\"- B\u00f3ng th\u1ed5i b\u1ee5i khi b\u00f3p t\u1ea1o h\u01a1i gi\u00fap th\u1ed5i s\u1ea1ch nh\u1eefng h\u1ea1t b\u1ee5i b\u00e1m trong m\u00e1y \u1ea3nh, \u1ed1ng k\u00ednh, ngo\u00e0i ra b\u1ea1n c\u00f3 th\u1ec3 s\u1eed d\u1ee5ng b\u00f3ng th\u1ed5i b\u1ee5i \u0111\u1ed1i v\u1edbi b\u00e0n ph\u00edm,m\u00e0n h\u00ecnh, laptop....\" \/>\n<meta property=\"og:url\" content=\"https:\/\/fotoprovn.com\/index.php\/product\/bong-thoi-bui-ve-sinh-may-anh-ong-kinh-ban-phim-linh-kien-dien-tu\/\" \/>\n<meta property=\"og:site_name\" content=\"C\u1eeda h\u00e0ng ph\u1ee5 ki\u1ec7n m\u00e1y \u1ea3nh Fotoprovn\" \/>\n<meta property=\"article:modified_time\" content=\"2025-07-12T10:42:02+00:00\" \/>\n<meta property=\"og:image\" content=\"https:\/\/fotoprovn.com\/wp-content\/uploads\/2025\/07\/f2e5f3c4424aa8ab77cea1f61a78119d-1.jpg\" \/>\n\t<meta property=\"og:image:width\" content=\"1000\" \/>\n\t<meta property=\"og:image:height\" content=\"1000\" \/>\n\t<meta property=\"og:image:type\" content=\"image\/jpeg\" \/>\n<meta name=\"twitter:card\" content=\"summary_large_image\" \/>\n<meta name=\"twitter:label1\" content=\"Est. reading time\" \/>\n\t<meta name=\"twitter:data1\" content=\"1 minute\" \/>\n<script type=\"application\/ld+json\" class=\"yoast-schema-graph\">{\"@context\":\"https:\/\/schema.org\",\"@graph\":[{\"@type\":\"WebPage\",\"@id\":\"https:\/\/fotoprovn.com\/index.php\/product\/bong-thoi-bui-ve-sinh-may-anh-ong-kinh-ban-phim-linh-kien-dien-tu\/\",\"url\":\"https:\/\/fotoprovn.com\/index.php\/product\/bong-thoi-bui-ve-sinh-may-anh-ong-kinh-ban-phim-linh-kien-dien-tu\/\",\"name\":\"B\u00f3ng th\u1ed5i b\u1ee5i v\u1ec7 sinh m\u00e1y \u1ea3nh, \u1ed1ng k\u00ednh, b\u00e0n ph\u00edm, linh ki\u1ec7n \u0111i\u1ec7n t\u1eed - C\u1eeda h\u00e0ng ph\u1ee5 ki\u1ec7n m\u00e1y \u1ea3nh Fotoprovn\",\"isPartOf\":{\"@id\":\"https:\/\/fotoprovn.com\/#website\"},\"primaryImageOfPage\":{\"@id\":\"https:\/\/fotoprovn.com\/index.php\/product\/bong-thoi-bui-ve-sinh-may-anh-ong-kinh-ban-phim-linh-kien-dien-tu\/#primaryimage\"},\"image\":{\"@id\":\"https:\/\/fotoprovn.com\/index.php\/product\/bong-thoi-bui-ve-sinh-may-anh-ong-kinh-ban-phim-linh-kien-dien-tu\/#primaryimage\"},\"thumbnailUrl\":\"https:\/\/fotoprovn.com\/wp-content\/uploads\/2025\/07\/f2e5f3c4424aa8ab77cea1f61a78119d-1.jpg\",\"datePublished\":\"2025-07-05T15:55:49+00:00\",\"dateModified\":\"2025-07-12T10:42:02+00:00\",\"breadcrumb\":{\"@id\":\"https:\/\/fotoprovn.com\/index.php\/product\/bong-thoi-bui-ve-sinh-may-anh-ong-kinh-ban-phim-linh-kien-dien-tu\/#breadcrumb\"},\"inLanguage\":\"en-US\",\"potentialAction\":[{\"@type\":\"ReadAction\",\"target\":[\"https:\/\/fotoprovn.com\/index.php\/product\/bong-thoi-bui-ve-sinh-may-anh-ong-kinh-ban-phim-linh-kien-dien-tu\/\"]}]},{\"@type\":\"ImageObject\",\"inLanguage\":\"en-US\",\"@id\":\"https:\/\/fotoprovn.com\/index.php\/product\/bong-thoi-bui-ve-sinh-may-anh-ong-kinh-ban-phim-linh-kien-dien-tu\/#primaryimage\",\"url\":\"https:\/\/fotoprovn.com\/wp-content\/uploads\/2025\/07\/f2e5f3c4424aa8ab77cea1f61a78119d-1.jpg\",\"contentUrl\":\"https:\/\/fotoprovn.com\/wp-content\/uploads\/2025\/07\/f2e5f3c4424aa8ab77cea1f61a78119d-1.jpg\",\"width\":1000,\"height\":1000},{\"@type\":\"BreadcrumbList\",\"@id\":\"https:\/\/fotoprovn.com\/index.php\/product\/bong-thoi-bui-ve-sinh-may-anh-ong-kinh-ban-phim-linh-kien-dien-tu\/#breadcrumb\",\"itemListElement\":[{\"@type\":\"ListItem\",\"position\":1,\"name\":\"Home\",\"item\":\"https:\/\/fotoprovn.com\/\"},{\"@type\":\"ListItem\",\"position\":2,\"name\":\"Shop\",\"item\":\"https:\/\/fotoprovn.com\/index.php\/shop\/\"},{\"@type\":\"ListItem\",\"position\":3,\"name\":\"B\u00f3ng th\u1ed5i b\u1ee5i v\u1ec7 sinh m\u00e1y \u1ea3nh, \u1ed1ng k\u00ednh, b\u00e0n ph\u00edm, linh ki\u1ec7n \u0111i\u1ec7n t\u1eed\"}]},{\"@type\":\"WebSite\",\"@id\":\"https:\/\/fotoprovn.com\/#website\",\"url\":\"https:\/\/fotoprovn.com\/\",\"name\":\"C\u1eeda h\u00e0ng ph\u1ee5 ki\u1ec7n m\u00e1y \u1ea3nh Fotoprovn\",\"description\":\"\",\"potentialAction\":[{\"@type\":\"SearchAction\",\"target\":{\"@type\":\"EntryPoint\",\"urlTemplate\":\"https:\/\/fotoprovn.com\/?s={search_term_string}\"},\"query-input\":{\"@type\":\"PropertyValueSpecification\",\"valueRequired\":true,\"valueName\":\"search_term_string\"}}],\"inLanguage\":\"en-US\"}]}<\/script>\n<!-- \/ Yoast SEO plugin. -->","yoast_head_json":{"title":"B\u00f3ng th\u1ed5i b\u1ee5i v\u1ec7 sinh m\u00e1y \u1ea3nh, \u1ed1ng k\u00ednh, b\u00e0n ph\u00edm, linh ki\u1ec7n \u0111i\u1ec7n t\u1eed - C\u1eeda h\u00e0ng ph\u1ee5 ki\u1ec7n m\u00e1y \u1ea3nh Fotoprovn","robots":{"index":"index","follow":"follow","max-snippet":"max-snippet:-1","max-image-preview":"max-image-preview:large","max-video-preview":"max-video-preview:-1"},"canonical":"https:\/\/fotoprovn.com\/index.php\/product\/bong-thoi-bui-ve-sinh-may-anh-ong-kinh-ban-phim-linh-kien-dien-tu\/","og_locale":"en_US","og_type":"article","og_title":"B\u00f3ng th\u1ed5i b\u1ee5i v\u1ec7 sinh m\u00e1y \u1ea3nh, \u1ed1ng k\u00ednh, b\u00e0n ph\u00edm, linh ki\u1ec7n \u0111i\u1ec7n t\u1eed - C\u1eeda h\u00e0ng ph\u1ee5 ki\u1ec7n m\u00e1y \u1ea3nh Fotoprovn","og_description":"- B\u00f3ng th\u1ed5i b\u1ee5i khi b\u00f3p t\u1ea1o h\u01a1i gi\u00fap th\u1ed5i s\u1ea1ch nh\u1eefng h\u1ea1t b\u1ee5i b\u00e1m trong m\u00e1y \u1ea3nh, \u1ed1ng k\u00ednh, ngo\u00e0i ra b\u1ea1n c\u00f3 th\u1ec3 s\u1eed d\u1ee5ng b\u00f3ng th\u1ed5i b\u1ee5i \u0111\u1ed1i v\u1edbi b\u00e0n ph\u00edm,m\u00e0n h\u00ecnh, laptop....","og_url":"https:\/\/fotoprovn.com\/index.php\/product\/bong-thoi-bui-ve-sinh-may-anh-ong-kinh-ban-phim-linh-kien-dien-tu\/","og_site_name":"C\u1eeda h\u00e0ng ph\u1ee5 ki\u1ec7n m\u00e1y \u1ea3nh Fotoprovn","article_modified_time":"2025-07-12T10:42:02+00:00","og_image":[{"width":1000,"height":1000,"url":"https:\/\/fotoprovn.com\/wp-content\/uploads\/2025\/07\/f2e5f3c4424aa8ab77cea1f61a78119d-1.jpg","type":"image\/jpeg"}],"twitter_card":"summary_large_image","twitter_misc":{"Est. reading time":"1 minute"},"schema":{"@context":"https:\/\/schema.org","@graph":[{"@type":"WebPage","@id":"https:\/\/fotoprovn.com\/index.php\/product\/bong-thoi-bui-ve-sinh-may-anh-ong-kinh-ban-phim-linh-kien-dien-tu\/","url":"https:\/\/fotoprovn.com\/index.php\/product\/bong-thoi-bui-ve-sinh-may-anh-ong-kinh-ban-phim-linh-kien-dien-tu\/","name":"B\u00f3ng th\u1ed5i b\u1ee5i v\u1ec7 sinh m\u00e1y \u1ea3nh, \u1ed1ng k\u00ednh, b\u00e0n ph\u00edm, linh ki\u1ec7n \u0111i\u1ec7n t\u1eed - C\u1eeda h\u00e0ng ph\u1ee5 ki\u1ec7n m\u00e1y \u1ea3nh Fotoprovn","isPartOf":{"@id":"https:\/\/fotoprovn.com\/#website"},"primaryImageOfPage":{"@id":"https:\/\/fotoprovn.com\/index.php\/product\/bong-thoi-bui-ve-sinh-may-anh-ong-kinh-ban-phim-linh-kien-dien-tu\/#primaryimage"},"image":{"@id":"https:\/\/fotoprovn.com\/index.php\/product\/bong-thoi-bui-ve-sinh-may-anh-ong-kinh-ban-phim-linh-kien-dien-tu\/#primaryimage"},"thumbnailUrl":"https:\/\/fotoprovn.com\/wp-content\/uploads\/2025\/07\/f2e5f3c4424aa8ab77cea1f61a78119d-1.jpg","datePublished":"2025-07-05T15:55:49+00:00","dateModified":"2025-07-12T10:42:02+00:00","breadcrumb":{"@id":"https:\/\/fotoprovn.com\/index.php\/product\/bong-thoi-bui-ve-sinh-may-anh-ong-kinh-ban-phim-linh-kien-dien-tu\/#breadcrumb"},"inLanguage":"en-US","potentialAction":[{"@type":"ReadAction","target":["https:\/\/fotoprovn.com\/index.php\/product\/bong-thoi-bui-ve-sinh-may-anh-ong-kinh-ban-phim-linh-kien-dien-tu\/"]}]},{"@type":"ImageObject","inLanguage":"en-US","@id":"https:\/\/fotoprovn.com\/index.php\/product\/bong-thoi-bui-ve-sinh-may-anh-ong-kinh-ban-phim-linh-kien-dien-tu\/#primaryimage","url":"https:\/\/fotoprovn.com\/wp-content\/uploads\/2025\/07\/f2e5f3c4424aa8ab77cea1f61a78119d-1.jpg","contentUrl":"https:\/\/fotoprovn.com\/wp-content\/uploads\/2025\/07\/f2e5f3c4424aa8ab77cea1f61a78119d-1.jpg","width":1000,"height":1000},{"@type":"BreadcrumbList","@id":"https:\/\/fotoprovn.com\/index.php\/product\/bong-thoi-bui-ve-sinh-may-anh-ong-kinh-ban-phim-linh-kien-dien-tu\/#breadcrumb","itemListElement":[{"@type":"ListItem","position":1,"name":"Home","item":"https:\/\/fotoprovn.com\/"},{"@type":"ListItem","position":2,"name":"Shop","item":"https:\/\/fotoprovn.com\/index.php\/shop\/"},{"@type":"ListItem","position":3,"name":"B\u00f3ng th\u1ed5i b\u1ee5i v\u1ec7 sinh m\u00e1y \u1ea3nh, \u1ed1ng k\u00ednh, b\u00e0n ph\u00edm, linh ki\u1ec7n \u0111i\u1ec7n t\u1eed"}]},{"@type":"WebSite","@id":"https:\/\/fotoprovn.com\/#website","url":"https:\/\/fotoprovn.com\/","name":"C\u1eeda h\u00e0ng ph\u1ee5 ki\u1ec7n m\u00e1y \u1ea3nh Fotoprovn","description":"","potentialAction":[{"@type":"SearchAction","target":{"@type":"EntryPoint","urlTemplate":"https:\/\/fotoprovn.com\/?s={search_term_string}"},"query-input":{"@type":"PropertyValueSpecification","valueRequired":true,"valueName":"search_term_string"}}],"inLanguage":"en-US"}]}},"_links":{"self":[{"href":"https:\/\/fotoprovn.com\/index.php\/wp-json\/wp\/v2\/product\/5504","targetHints":{"allow":["GET"]}}],"collection":[{"href":"https:\/\/fotoprovn.com\/index.php\/wp-json\/wp\/v2\/product"}],"about":[{"href":"https:\/\/fotoprovn.com\/index.php\/wp-json\/wp\/v2\/types\/product"}],"replies":[{"embeddable":true,"href":"https:\/\/fotoprovn.com\/index.php\/wp-json\/wp\/v2\/comments?post=5504"}],"version-history":[{"count":1,"href":"https:\/\/fotoprovn.com\/index.php\/wp-json\/wp\/v2\/product\/5504\/revisions"}],"predecessor-version":[{"id":5511,"href":"https:\/\/fotoprovn.com\/index.php\/wp-json\/wp\/v2\/product\/5504\/revisions\/5511"}],"wp:featuredmedia":[{"embeddable":true,"href":"https:\/\/fotoprovn.com\/index.php\/wp-json\/wp\/v2\/media\/5510"}],"wp:attachment":[{"href":"https:\/\/fotoprovn.com\/index.php\/wp-json\/wp\/v2\/media?parent=5504"}],"wp:term":[{"taxonomy":"product_brand","embeddable":true,"href":"https:\/\/fotoprovn.com\/index.php\/wp-json\/wp\/v2\/product_brand?post=5504"},{"taxonomy":"product_cat","embeddable":true,"href":"https:\/\/fotoprovn.com\/index.php\/wp-json\/wp\/v2\/product_cat?post=5504"},{"taxonomy":"product_tag","embeddable":true,"href":"https:\/\/fotoprovn.com\/index.php\/wp-json\/wp\/v2\/product_tag?post=5504"}],"curies":[{"name":"wp","href":"https:\/\/api.w.org\/{rel}","templated":true}]}}