{"id":5526,"date":"2025-07-05T16:23:40","date_gmt":"2025-07-05T16:23:40","guid":{"rendered":"https:\/\/fotoprovn.com\/?post_type=product&#038;p=5526"},"modified":"2025-07-05T16:27:45","modified_gmt":"2025-07-05T16:27:45","slug":"guong-trang-diem-decor-de-ban-hinh-be-cuu","status":"publish","type":"product","link":"https:\/\/fotoprovn.com\/index.php\/product\/guong-trang-diem-decor-de-ban-hinh-be-cuu\/","title":{"rendered":"G\u01b0\u01a1ng trang \u0111i\u1ec3m decor \u0111\u1ec3 b\u00e0n h\u00ecnh b\u00e9 c\u1eebu"},"content":{"rendered":"<p>G\u01b0\u01a1ng trang \u0111i\u1ec3m \u0111\u1ec3 b\u00e0n h\u00ecnh b\u00e9 c\u1eebu l\u00e0 m\u1ed9t s\u1ea3n ph\u1ea9m si\u00eau d\u1ec5 th\u01b0\u01a1ng, ho\u00e0n h\u1ea3o cho vi\u1ec7c trang tr\u00ed b\u00e0n trang \u0111i\u1ec3m, homestay, ho\u1eb7c kh\u00f4ng gian s\u1ed1ng c\u1ee7a b\u1ea1n. V\u1edbi thi\u1ebft k\u1ebf h\u00ecnh b\u00e9 c\u1eebu \u0111\u00e1ng y\u00eau, chi\u1ebfc g\u01b0\u01a1ng kh\u00f4ng ch\u1ec9 gi\u00fap b\u1ea1n d\u1ec5 d\u00e0ng trang \u0111i\u1ec3m, ch\u1ec9nh trang m\u00e0 c\u00f2n l\u00e0 m\u1ed9t \u0111\u1ea1o c\u1ee5 trang tr\u00ed \u0111\u1ed9c \u0111\u00e1o, mang \u0111\u1ebfn s\u1ef1 t\u01b0\u01a1i m\u1edbi v\u00e0 \u1ea5m \u00e1p cho c\u0103n ph\u00f2ng. S\u1ea3n ph\u1ea9m c\u00f3 k\u00edch th\u01b0\u1edbc v\u1eeba v\u1eb7n, ti\u1ec7n l\u1ee3i khi \u0111\u1eb7t tr\u00ean b\u00e0n, t\u1ea1o \u0111i\u1ec3m nh\u1ea5n th\u00fa v\u1ecb v\u00e0 g\u00f3p ph\u1ea7n l\u00e0m n\u1ed5i b\u1eadt phong c\u00e1ch decor c\u1ee7a b\u1ea1n.<\/p>\n<p>\ud83d\udd30 Th\u00f4ng tin s\u1ea3n ph\u1ea9m :<\/p>\n<p>&#8211; M\u00e0u tr\u1eafng h\u1ed3ng<\/p>\n<p>&#8211; K\u00edch th\u01b0\u1edbc g\u01b0\u01a1ng: 12cm * 13cm<\/p>\n<p>&#8211; k\u00edch th\u01b0\u1edbc t\u1ed5ng th\u1ec3 17.3cm * 17.3cm<\/p>\n<p>&#8211; Xu\u1ea5t x\u1ee9 : Trung Qu\u1ed1c<\/p>\n<p>\ud83d\udd30 C\u1ea3nh b\u00e1o<\/p>\n<p>&#8211; S\u1ea3n ph\u1ea9m g\u01b0\u01a1ng d\u1ec5 b\u1ec3 n\u00ean c\u1ea7n \u0111\u1ec3 xa t\u1ea7m tay tr\u1ebb em<\/p>\n<p>g\u01b0\u01a1ng \u0111\u1ec3 b\u00e0n,g\u01b0\u01a1ng trang \u0111i\u1ec3m \u0111\u1ec3 b\u00e0n,g\u01b0\u01a1ng \u0111\u1ec3 b\u00e0n trang \u0111i\u1ec3m,g\u01b0\u01a1ng trang \u0111i\u1ec3m mini,g\u01b0\u01a1ng tr\u00f2n \u0111\u1ec3 b\u00e0n,kieng trang diem,g\u01b0\u01a1ng trang \u0111i\u1ec3m \u0111\u1ec3 b\u00e0n khung g\u1ed7,g\u01b0\u01a1ng g\u1ed7 \u0111\u1ec3 b\u00e0n,g\u01b0\u01a1ng soi \u0111\u1ec3 b\u00e0n,g\u01b0\u01a1ng g\u1eadp \u0111\u1ec3 b\u00e0n<\/p>\n","protected":false},"excerpt":{"rendered":"<p>G\u01b0\u01a1ng trang \u0111i\u1ec3m \u0111\u1ec3 b\u00e0n h\u00ecnh b\u00e9 c\u1eebu l\u00e0 m\u1ed9t s\u1ea3n ph\u1ea9m si\u00eau d\u1ec5 th\u01b0\u01a1ng, ho\u00e0n h\u1ea3o cho vi\u1ec7c trang tr\u00ed b\u00e0n trang \u0111i\u1ec3m, homestay, ho\u1eb7c kh\u00f4ng gian s\u1ed1ng c\u1ee7a b\u1ea1n. V\u1edbi thi\u1ebft k\u1ebf h\u00ecnh b\u00e9 c\u1eebu \u0111\u00e1ng y\u00eau, chi\u1ebfc g\u01b0\u01a1ng kh\u00f4ng ch\u1ec9 gi\u00fap b\u1ea1n d\u1ec5 d\u00e0ng trang \u0111i\u1ec3m, ch\u1ec9nh trang m\u00e0 c\u00f2n l\u00e0 m\u1ed9t \u0111\u1ea1o c\u1ee5 trang tr\u00ed \u0111\u1ed9c \u0111\u00e1o, mang \u0111\u1ebfn s\u1ef1 t\u01b0\u01a1i m\u1edbi v\u00e0 \u1ea5m \u00e1p cho c\u0103n ph\u00f2ng. S\u1ea3n ph\u1ea9m c\u00f3 k\u00edch th\u01b0\u1edbc v\u1eeba v\u1eb7n, ti\u1ec7n l\u1ee3i khi \u0111\u1eb7t tr\u00ean b\u00e0n, t\u1ea1o \u0111i\u1ec3m nh\u1ea5n th\u00fa v\u1ecb v\u00e0 g\u00f3p ph\u1ea7n l\u00e0m n\u1ed5i b\u1eadt phong c\u00e1ch decor c\u1ee7a b\u1ea1n.<\/p>\n","protected":false},"featured_media":5533,"comment_status":"open","ping_status":"closed","template":"","meta":[],"product_brand":[92],"product_cat":[91],"product_tag":[94,95,93],"class_list":{"0":"post-5526","1":"product","2":"type-product","3":"status-publish","4":"has-post-thumbnail","6":"product_brand-no-brand","7":"product_cat-phu-kien-decor","8":"product_tag-guong-decor","9":"product_tag-guong-decor-trang-tri","10":"product_tag-guong-trang-diem","13":"instock","14":"sale","15":"shipping-taxable","16":"purchasable","17":"product-type-simple"},"yoast_head":"<!-- This site is optimized with the Yoast SEO plugin v25.4 - https:\/\/yoast.com\/wordpress\/plugins\/seo\/ -->\n<title>G\u01b0\u01a1ng trang \u0111i\u1ec3m decor \u0111\u1ec3 b\u00e0n h\u00ecnh b\u00e9 c\u1eebu - C\u1eeda h\u00e0ng ph\u1ee5 ki\u1ec7n m\u00e1y \u1ea3nh Fotoprovn<\/title>\n<meta name=\"robots\" content=\"index, follow, max-snippet:-1, max-image-preview:large, max-video-preview:-1\" \/>\n<link rel=\"canonical\" href=\"https:\/\/fotoprovn.com\/index.php\/product\/guong-trang-diem-decor-de-ban-hinh-be-cuu\/\" \/>\n<meta property=\"og:locale\" content=\"en_US\" \/>\n<meta property=\"og:type\" content=\"article\" \/>\n<meta property=\"og:title\" content=\"G\u01b0\u01a1ng trang \u0111i\u1ec3m decor \u0111\u1ec3 b\u00e0n h\u00ecnh b\u00e9 c\u1eebu - C\u1eeda h\u00e0ng ph\u1ee5 ki\u1ec7n m\u00e1y \u1ea3nh Fotoprovn\" \/>\n<meta property=\"og:description\" content=\"G\u01b0\u01a1ng trang \u0111i\u1ec3m \u0111\u1ec3 b\u00e0n h\u00ecnh b\u00e9 c\u1eebu l\u00e0 m\u1ed9t s\u1ea3n ph\u1ea9m si\u00eau d\u1ec5 th\u01b0\u01a1ng, ho\u00e0n h\u1ea3o cho vi\u1ec7c trang tr\u00ed b\u00e0n trang \u0111i\u1ec3m, homestay, ho\u1eb7c kh\u00f4ng gian s\u1ed1ng c\u1ee7a b\u1ea1n. V\u1edbi thi\u1ebft k\u1ebf h\u00ecnh b\u00e9 c\u1eebu \u0111\u00e1ng y\u00eau, chi\u1ebfc g\u01b0\u01a1ng kh\u00f4ng ch\u1ec9 gi\u00fap b\u1ea1n d\u1ec5 d\u00e0ng trang \u0111i\u1ec3m, ch\u1ec9nh trang m\u00e0 c\u00f2n l\u00e0 m\u1ed9t \u0111\u1ea1o c\u1ee5 trang tr\u00ed \u0111\u1ed9c \u0111\u00e1o, mang \u0111\u1ebfn s\u1ef1 t\u01b0\u01a1i m\u1edbi v\u00e0 \u1ea5m \u00e1p cho c\u0103n ph\u00f2ng. S\u1ea3n ph\u1ea9m c\u00f3 k\u00edch th\u01b0\u1edbc v\u1eeba v\u1eb7n, ti\u1ec7n l\u1ee3i khi \u0111\u1eb7t tr\u00ean b\u00e0n, t\u1ea1o \u0111i\u1ec3m nh\u1ea5n th\u00fa v\u1ecb v\u00e0 g\u00f3p ph\u1ea7n l\u00e0m n\u1ed5i b\u1eadt phong c\u00e1ch decor c\u1ee7a b\u1ea1n.\" \/>\n<meta property=\"og:url\" content=\"https:\/\/fotoprovn.com\/index.php\/product\/guong-trang-diem-decor-de-ban-hinh-be-cuu\/\" \/>\n<meta property=\"og:site_name\" content=\"C\u1eeda h\u00e0ng ph\u1ee5 ki\u1ec7n m\u00e1y \u1ea3nh Fotoprovn\" \/>\n<meta property=\"article:modified_time\" content=\"2025-07-05T16:27:45+00:00\" \/>\n<meta property=\"og:image\" content=\"https:\/\/fotoprovn.com\/wp-content\/uploads\/2025\/07\/O1CN01sGyuWl2KMkacja9R2_3867779543-0-cib.jpg\" \/>\n\t<meta property=\"og:image:width\" content=\"800\" \/>\n\t<meta property=\"og:image:height\" content=\"800\" \/>\n\t<meta property=\"og:image:type\" content=\"image\/jpeg\" \/>\n<meta name=\"twitter:card\" content=\"summary_large_image\" \/>\n<meta name=\"twitter:label1\" content=\"Est. reading time\" \/>\n\t<meta name=\"twitter:data1\" content=\"1 minute\" \/>\n<script type=\"application\/ld+json\" class=\"yoast-schema-graph\">{\"@context\":\"https:\/\/schema.org\",\"@graph\":[{\"@type\":\"WebPage\",\"@id\":\"https:\/\/fotoprovn.com\/index.php\/product\/guong-trang-diem-decor-de-ban-hinh-be-cuu\/\",\"url\":\"https:\/\/fotoprovn.com\/index.php\/product\/guong-trang-diem-decor-de-ban-hinh-be-cuu\/\",\"name\":\"G\u01b0\u01a1ng trang \u0111i\u1ec3m decor \u0111\u1ec3 b\u00e0n h\u00ecnh b\u00e9 c\u1eebu - C\u1eeda h\u00e0ng ph\u1ee5 ki\u1ec7n m\u00e1y \u1ea3nh Fotoprovn\",\"isPartOf\":{\"@id\":\"https:\/\/fotoprovn.com\/#website\"},\"primaryImageOfPage\":{\"@id\":\"https:\/\/fotoprovn.com\/index.php\/product\/guong-trang-diem-decor-de-ban-hinh-be-cuu\/#primaryimage\"},\"image\":{\"@id\":\"https:\/\/fotoprovn.com\/index.php\/product\/guong-trang-diem-decor-de-ban-hinh-be-cuu\/#primaryimage\"},\"thumbnailUrl\":\"https:\/\/fotoprovn.com\/wp-content\/uploads\/2025\/07\/O1CN01sGyuWl2KMkacja9R2_3867779543-0-cib.jpg\",\"datePublished\":\"2025-07-05T16:23:40+00:00\",\"dateModified\":\"2025-07-05T16:27:45+00:00\",\"breadcrumb\":{\"@id\":\"https:\/\/fotoprovn.com\/index.php\/product\/guong-trang-diem-decor-de-ban-hinh-be-cuu\/#breadcrumb\"},\"inLanguage\":\"en-US\",\"potentialAction\":[{\"@type\":\"ReadAction\",\"target\":[\"https:\/\/fotoprovn.com\/index.php\/product\/guong-trang-diem-decor-de-ban-hinh-be-cuu\/\"]}]},{\"@type\":\"ImageObject\",\"inLanguage\":\"en-US\",\"@id\":\"https:\/\/fotoprovn.com\/index.php\/product\/guong-trang-diem-decor-de-ban-hinh-be-cuu\/#primaryimage\",\"url\":\"https:\/\/fotoprovn.com\/wp-content\/uploads\/2025\/07\/O1CN01sGyuWl2KMkacja9R2_3867779543-0-cib.jpg\",\"contentUrl\":\"https:\/\/fotoprovn.com\/wp-content\/uploads\/2025\/07\/O1CN01sGyuWl2KMkacja9R2_3867779543-0-cib.jpg\",\"width\":800,\"height\":800},{\"@type\":\"BreadcrumbList\",\"@id\":\"https:\/\/fotoprovn.com\/index.php\/product\/guong-trang-diem-decor-de-ban-hinh-be-cuu\/#breadcrumb\",\"itemListElement\":[{\"@type\":\"ListItem\",\"position\":1,\"name\":\"Home\",\"item\":\"https:\/\/fotoprovn.com\/\"},{\"@type\":\"ListItem\",\"position\":2,\"name\":\"Shop\",\"item\":\"https:\/\/fotoprovn.com\/index.php\/shop\/\"},{\"@type\":\"ListItem\",\"position\":3,\"name\":\"G\u01b0\u01a1ng trang \u0111i\u1ec3m decor \u0111\u1ec3 b\u00e0n h\u00ecnh b\u00e9 c\u1eebu\"}]},{\"@type\":\"WebSite\",\"@id\":\"https:\/\/fotoprovn.com\/#website\",\"url\":\"https:\/\/fotoprovn.com\/\",\"name\":\"C\u1eeda h\u00e0ng ph\u1ee5 ki\u1ec7n m\u00e1y \u1ea3nh Fotoprovn\",\"description\":\"\",\"potentialAction\":[{\"@type\":\"SearchAction\",\"target\":{\"@type\":\"EntryPoint\",\"urlTemplate\":\"https:\/\/fotoprovn.com\/?s={search_term_string}\"},\"query-input\":{\"@type\":\"PropertyValueSpecification\",\"valueRequired\":true,\"valueName\":\"search_term_string\"}}],\"inLanguage\":\"en-US\"}]}<\/script>\n<!-- \/ Yoast SEO plugin. -->","yoast_head_json":{"title":"G\u01b0\u01a1ng trang \u0111i\u1ec3m decor \u0111\u1ec3 b\u00e0n h\u00ecnh b\u00e9 c\u1eebu - C\u1eeda h\u00e0ng ph\u1ee5 ki\u1ec7n m\u00e1y \u1ea3nh Fotoprovn","robots":{"index":"index","follow":"follow","max-snippet":"max-snippet:-1","max-image-preview":"max-image-preview:large","max-video-preview":"max-video-preview:-1"},"canonical":"https:\/\/fotoprovn.com\/index.php\/product\/guong-trang-diem-decor-de-ban-hinh-be-cuu\/","og_locale":"en_US","og_type":"article","og_title":"G\u01b0\u01a1ng trang \u0111i\u1ec3m decor \u0111\u1ec3 b\u00e0n h\u00ecnh b\u00e9 c\u1eebu - C\u1eeda h\u00e0ng ph\u1ee5 ki\u1ec7n m\u00e1y \u1ea3nh Fotoprovn","og_description":"G\u01b0\u01a1ng trang \u0111i\u1ec3m \u0111\u1ec3 b\u00e0n h\u00ecnh b\u00e9 c\u1eebu l\u00e0 m\u1ed9t s\u1ea3n ph\u1ea9m si\u00eau d\u1ec5 th\u01b0\u01a1ng, ho\u00e0n h\u1ea3o cho vi\u1ec7c trang tr\u00ed b\u00e0n trang \u0111i\u1ec3m, homestay, ho\u1eb7c kh\u00f4ng gian s\u1ed1ng c\u1ee7a b\u1ea1n. V\u1edbi thi\u1ebft k\u1ebf h\u00ecnh b\u00e9 c\u1eebu \u0111\u00e1ng y\u00eau, chi\u1ebfc g\u01b0\u01a1ng kh\u00f4ng ch\u1ec9 gi\u00fap b\u1ea1n d\u1ec5 d\u00e0ng trang \u0111i\u1ec3m, ch\u1ec9nh trang m\u00e0 c\u00f2n l\u00e0 m\u1ed9t \u0111\u1ea1o c\u1ee5 trang tr\u00ed \u0111\u1ed9c \u0111\u00e1o, mang \u0111\u1ebfn s\u1ef1 t\u01b0\u01a1i m\u1edbi v\u00e0 \u1ea5m \u00e1p cho c\u0103n ph\u00f2ng. S\u1ea3n ph\u1ea9m c\u00f3 k\u00edch th\u01b0\u1edbc v\u1eeba v\u1eb7n, ti\u1ec7n l\u1ee3i khi \u0111\u1eb7t tr\u00ean b\u00e0n, t\u1ea1o \u0111i\u1ec3m nh\u1ea5n th\u00fa v\u1ecb v\u00e0 g\u00f3p ph\u1ea7n l\u00e0m n\u1ed5i b\u1eadt phong c\u00e1ch decor c\u1ee7a b\u1ea1n.","og_url":"https:\/\/fotoprovn.com\/index.php\/product\/guong-trang-diem-decor-de-ban-hinh-be-cuu\/","og_site_name":"C\u1eeda h\u00e0ng ph\u1ee5 ki\u1ec7n m\u00e1y \u1ea3nh Fotoprovn","article_modified_time":"2025-07-05T16:27:45+00:00","og_image":[{"width":800,"height":800,"url":"https:\/\/fotoprovn.com\/wp-content\/uploads\/2025\/07\/O1CN01sGyuWl2KMkacja9R2_3867779543-0-cib.jpg","type":"image\/jpeg"}],"twitter_card":"summary_large_image","twitter_misc":{"Est. reading time":"1 minute"},"schema":{"@context":"https:\/\/schema.org","@graph":[{"@type":"WebPage","@id":"https:\/\/fotoprovn.com\/index.php\/product\/guong-trang-diem-decor-de-ban-hinh-be-cuu\/","url":"https:\/\/fotoprovn.com\/index.php\/product\/guong-trang-diem-decor-de-ban-hinh-be-cuu\/","name":"G\u01b0\u01a1ng trang \u0111i\u1ec3m decor \u0111\u1ec3 b\u00e0n h\u00ecnh b\u00e9 c\u1eebu - C\u1eeda h\u00e0ng ph\u1ee5 ki\u1ec7n m\u00e1y \u1ea3nh Fotoprovn","isPartOf":{"@id":"https:\/\/fotoprovn.com\/#website"},"primaryImageOfPage":{"@id":"https:\/\/fotoprovn.com\/index.php\/product\/guong-trang-diem-decor-de-ban-hinh-be-cuu\/#primaryimage"},"image":{"@id":"https:\/\/fotoprovn.com\/index.php\/product\/guong-trang-diem-decor-de-ban-hinh-be-cuu\/#primaryimage"},"thumbnailUrl":"https:\/\/fotoprovn.com\/wp-content\/uploads\/2025\/07\/O1CN01sGyuWl2KMkacja9R2_3867779543-0-cib.jpg","datePublished":"2025-07-05T16:23:40+00:00","dateModified":"2025-07-05T16:27:45+00:00","breadcrumb":{"@id":"https:\/\/fotoprovn.com\/index.php\/product\/guong-trang-diem-decor-de-ban-hinh-be-cuu\/#breadcrumb"},"inLanguage":"en-US","potentialAction":[{"@type":"ReadAction","target":["https:\/\/fotoprovn.com\/index.php\/product\/guong-trang-diem-decor-de-ban-hinh-be-cuu\/"]}]},{"@type":"ImageObject","inLanguage":"en-US","@id":"https:\/\/fotoprovn.com\/index.php\/product\/guong-trang-diem-decor-de-ban-hinh-be-cuu\/#primaryimage","url":"https:\/\/fotoprovn.com\/wp-content\/uploads\/2025\/07\/O1CN01sGyuWl2KMkacja9R2_3867779543-0-cib.jpg","contentUrl":"https:\/\/fotoprovn.com\/wp-content\/uploads\/2025\/07\/O1CN01sGyuWl2KMkacja9R2_3867779543-0-cib.jpg","width":800,"height":800},{"@type":"BreadcrumbList","@id":"https:\/\/fotoprovn.com\/index.php\/product\/guong-trang-diem-decor-de-ban-hinh-be-cuu\/#breadcrumb","itemListElement":[{"@type":"ListItem","position":1,"name":"Home","item":"https:\/\/fotoprovn.com\/"},{"@type":"ListItem","position":2,"name":"Shop","item":"https:\/\/fotoprovn.com\/index.php\/shop\/"},{"@type":"ListItem","position":3,"name":"G\u01b0\u01a1ng trang \u0111i\u1ec3m decor \u0111\u1ec3 b\u00e0n h\u00ecnh b\u00e9 c\u1eebu"}]},{"@type":"WebSite","@id":"https:\/\/fotoprovn.com\/#website","url":"https:\/\/fotoprovn.com\/","name":"C\u1eeda h\u00e0ng ph\u1ee5 ki\u1ec7n m\u00e1y \u1ea3nh Fotoprovn","description":"","potentialAction":[{"@type":"SearchAction","target":{"@type":"EntryPoint","urlTemplate":"https:\/\/fotoprovn.com\/?s={search_term_string}"},"query-input":{"@type":"PropertyValueSpecification","valueRequired":true,"valueName":"search_term_string"}}],"inLanguage":"en-US"}]}},"_links":{"self":[{"href":"https:\/\/fotoprovn.com\/index.php\/wp-json\/wp\/v2\/product\/5526","targetHints":{"allow":["GET"]}}],"collection":[{"href":"https:\/\/fotoprovn.com\/index.php\/wp-json\/wp\/v2\/product"}],"about":[{"href":"https:\/\/fotoprovn.com\/index.php\/wp-json\/wp\/v2\/types\/product"}],"replies":[{"embeddable":true,"href":"https:\/\/fotoprovn.com\/index.php\/wp-json\/wp\/v2\/comments?post=5526"}],"version-history":[{"count":2,"href":"https:\/\/fotoprovn.com\/index.php\/wp-json\/wp\/v2\/product\/5526\/revisions"}],"predecessor-version":[{"id":5536,"href":"https:\/\/fotoprovn.com\/index.php\/wp-json\/wp\/v2\/product\/5526\/revisions\/5536"}],"wp:featuredmedia":[{"embeddable":true,"href":"https:\/\/fotoprovn.com\/index.php\/wp-json\/wp\/v2\/media\/5533"}],"wp:attachment":[{"href":"https:\/\/fotoprovn.com\/index.php\/wp-json\/wp\/v2\/media?parent=5526"}],"wp:term":[{"taxonomy":"product_brand","embeddable":true,"href":"https:\/\/fotoprovn.com\/index.php\/wp-json\/wp\/v2\/product_brand?post=5526"},{"taxonomy":"product_cat","embeddable":true,"href":"https:\/\/fotoprovn.com\/index.php\/wp-json\/wp\/v2\/product_cat?post=5526"},{"taxonomy":"product_tag","embeddable":true,"href":"https:\/\/fotoprovn.com\/index.php\/wp-json\/wp\/v2\/product_tag?post=5526"}],"curies":[{"name":"wp","href":"https:\/\/api.w.org\/{rel}","templated":true}]}}